{"id":165,"date":"2023-12-07T23:13:06","date_gmt":"2023-12-07T22:13:06","guid":{"rendered":"http:\/\/www.infirmier.sebastien-martens.fr\/?page_id=165"},"modified":"2023-12-17T00:35:13","modified_gmt":"2023-12-16T23:35:13","slug":"presentation","status":"publish","type":"page","link":"https:\/\/www.infirmier.sebastien-martens.fr\/index.php\/presentation\/","title":{"rendered":"Votre infirmier"},"content":{"rendered":"\n<div class=\"wp-block-media-text is-stacked-on-mobile\"><figure class=\"wp-block-media-text__media\"><img loading=\"lazy\" decoding=\"async\" width=\"738\" height=\"1024\" src=\"https:\/\/www.infirmier.sebastien-martens.fr\/wp-content\/uploads\/2023\/12\/photo-Sebastien-MARTENS-1-738x1024.jpeg\" alt=\"\" class=\"wp-image-137 size-full\" srcset=\"https:\/\/www.infirmier.sebastien-martens.fr\/wp-content\/uploads\/2023\/12\/photo-Sebastien-MARTENS-1-738x1024.jpeg 738w, https:\/\/www.infirmier.sebastien-martens.fr\/wp-content\/uploads\/2023\/12\/photo-Sebastien-MARTENS-1-216x300.jpeg 216w, https:\/\/www.infirmier.sebastien-martens.fr\/wp-content\/uploads\/2023\/12\/photo-Sebastien-MARTENS-1.jpeg 752w\" sizes=\"auto, (max-width: 738px) 100vw, 738px\" \/><\/figure><div class=\"wp-block-media-text__content\">\n<p>Infirmier Dipl\u00f4m\u00e9 d&rsquo;Etat, conventionn\u00e9 aupr\u00e8s de la Caisse Primaire d&rsquo;Assurance Maladie de la Marne<\/p>\n<\/div><\/div>\n","protected":false},"excerpt":{"rendered":"<p>Infirmier Dipl\u00f4m\u00e9 d&rsquo;Etat, conventionn\u00e9 aupr\u00e8s de la Caisse Primaire d&rsquo;Assurance Maladie de la Marne<\/p>\n","protected":false},"author":1,"featured_media":0,"parent":0,"menu_order":0,"comment_status":"closed","ping_status":"closed","template":"","meta":{"om_disable_all_campaigns":false,"_monsterinsights_skip_tracking":false,"_monsterinsights_sitenote_active":false,"_monsterinsights_sitenote_note":"","_monsterinsights_sitenote_category":0,"footnotes":""},"class_list":["post-165","page","type-page","status-publish","hentry"],"aioseo_notices":[],"_links":{"self":[{"href":"https:\/\/www.infirmier.sebastien-martens.fr\/index.php\/wp-json\/wp\/v2\/pages\/165","targetHints":{"allow":["GET"]}}],"collection":[{"href":"https:\/\/www.infirmier.sebastien-martens.fr\/index.php\/wp-json\/wp\/v2\/pages"}],"about":[{"href":"https:\/\/www.infirmier.sebastien-martens.fr\/index.php\/wp-json\/wp\/v2\/types\/page"}],"author":[{"embeddable":true,"href":"https:\/\/www.infirmier.sebastien-martens.fr\/index.php\/wp-json\/wp\/v2\/users\/1"}],"replies":[{"embeddable":true,"href":"https:\/\/www.infirmier.sebastien-martens.fr\/index.php\/wp-json\/wp\/v2\/comments?post=165"}],"version-history":[{"count":4,"href":"https:\/\/www.infirmier.sebastien-martens.fr\/index.php\/wp-json\/wp\/v2\/pages\/165\/revisions"}],"predecessor-version":[{"id":222,"href":"https:\/\/www.infirmier.sebastien-martens.fr\/index.php\/wp-json\/wp\/v2\/pages\/165\/revisions\/222"}],"wp:attachment":[{"href":"https:\/\/www.infirmier.sebastien-martens.fr\/index.php\/wp-json\/wp\/v2\/media?parent=165"}],"curies":[{"name":"wp","href":"https:\/\/api.w.org\/{rel}","templated":true}]}}