{"id":180,"date":"2023-12-07T23:55:40","date_gmt":"2023-12-07T22:55:40","guid":{"rendered":"http:\/\/www.infirmier.sebastien-martens.fr\/?page_id=180"},"modified":"2023-12-21T19:55:06","modified_gmt":"2023-12-21T18:55:06","slug":"les-soins","status":"publish","type":"page","link":"https:\/\/www.infirmier.sebastien-martens.fr\/","title":{"rendered":"Soins infirmiers"},"content":{"rendered":"\n<figure class=\"wp-block-image size-full\"><img loading=\"lazy\" decoding=\"async\" width=\"300\" height=\"200\" src=\"https:\/\/www.infirmier.sebastien-martens.fr\/wp-content\/uploads\/2023\/12\/picto_malette.jpg\" alt=\"soins infirmier, prise de sang, pansement, injection, perfusions\" class=\"wp-image-34\"\/><\/figure>\n\n\n\n<p>Nous sommes habilit\u00e9s \u00e0 r\u00e9aliser&nbsp;tous vos soins infirmiers \u00e0 domicile ou au cabinet&nbsp;sur prescription m\u00e9dicale.<\/p>\n\n\n\n<p>Assurez-vous que votre m\u00e9decin ou l&rsquo;h\u00f4pital vous ait d\u00e9livr\u00e9 une ordonnance et que celle-ci pr\u00e9cise: \u00ab\u00a0Soins infirmiers r\u00e9alis\u00e9s \u00e0 domicile\u00a0\u00bb, la date de la prescription, la dur\u00e9e et la fr\u00e9quence des passages de l&rsquo;infirmier lib\u00e9ral.<\/p>\n\n\n\n<p>Nous avons plusieurs ann\u00e9es d&rsquo;exercice infirmier et sommes exp\u00e9riment\u00e9s pour prodiguer des&nbsp;soins infirmiers&nbsp;hautement techniques \u00e0 domicile ou au cabinet infirmier.<\/p>\n","protected":false},"excerpt":{"rendered":"<p>Nous sommes habilit\u00e9s \u00e0 r\u00e9aliser&nbsp;tous vos soins infirmiers \u00e0 domicile ou au cabinet&nbsp;sur prescription m\u00e9dicale. Assurez-vous que votre m\u00e9decin ou l&rsquo;h\u00f4pital vous ait d\u00e9livr\u00e9 une ordonnance et que celle-ci pr\u00e9cise: \u00ab\u00a0Soins infirmiers r\u00e9alis\u00e9s \u00e0 domicile\u00a0\u00bb, la date de la prescription, <a class=\"more-link\" href=\"https:\/\/www.infirmier.sebastien-martens.fr\/\">Continuer la lecture <span class=\"screen-reader-text\">  Soins infirmiers<\/span><span class=\"meta-nav\">&rarr;<\/span><\/a><\/p>\n","protected":false},"author":1,"featured_media":164,"parent":0,"menu_order":0,"comment_status":"closed","ping_status":"closed","template":"","meta":{"om_disable_all_campaigns":false,"_monsterinsights_skip_tracking":false,"_monsterinsights_sitenote_active":false,"_monsterinsights_sitenote_note":"","_monsterinsights_sitenote_category":0,"footnotes":""},"class_list":["post-180","page","type-page","status-publish","has-post-thumbnail","hentry"],"aioseo_notices":[],"_links":{"self":[{"href":"https:\/\/www.infirmier.sebastien-martens.fr\/index.php\/wp-json\/wp\/v2\/pages\/180","targetHints":{"allow":["GET"]}}],"collection":[{"href":"https:\/\/www.infirmier.sebastien-martens.fr\/index.php\/wp-json\/wp\/v2\/pages"}],"about":[{"href":"https:\/\/www.infirmier.sebastien-martens.fr\/index.php\/wp-json\/wp\/v2\/types\/page"}],"author":[{"embeddable":true,"href":"https:\/\/www.infirmier.sebastien-martens.fr\/index.php\/wp-json\/wp\/v2\/users\/1"}],"replies":[{"embeddable":true,"href":"https:\/\/www.infirmier.sebastien-martens.fr\/index.php\/wp-json\/wp\/v2\/comments?post=180"}],"version-history":[{"count":5,"href":"https:\/\/www.infirmier.sebastien-martens.fr\/index.php\/wp-json\/wp\/v2\/pages\/180\/revisions"}],"predecessor-version":[{"id":251,"href":"https:\/\/www.infirmier.sebastien-martens.fr\/index.php\/wp-json\/wp\/v2\/pages\/180\/revisions\/251"}],"wp:featuredmedia":[{"embeddable":true,"href":"https:\/\/www.infirmier.sebastien-martens.fr\/index.php\/wp-json\/wp\/v2\/media\/164"}],"wp:attachment":[{"href":"https:\/\/www.infirmier.sebastien-martens.fr\/index.php\/wp-json\/wp\/v2\/media?parent=180"}],"curies":[{"name":"wp","href":"https:\/\/api.w.org\/{rel}","templated":true}]}}