{"id":215,"date":"2023-12-17T00:29:50","date_gmt":"2023-12-16T23:29:50","guid":{"rendered":"https:\/\/www.infirmier.sebastien-martens.fr\/?page_id=215"},"modified":"2023-12-17T00:32:21","modified_gmt":"2023-12-16T23:32:21","slug":"actualites","status":"publish","type":"page","link":"https:\/\/www.infirmier.sebastien-martens.fr\/index.php\/actualites\/","title":{"rendered":"Tiers payant"},"content":{"rendered":"\n<div class=\"wp-block-media-text alignfull is-stacked-on-mobile is-vertically-aligned-center\"><figure class=\"wp-block-media-text__media\"><img loading=\"lazy\" decoding=\"async\" width=\"567\" height=\"306\" src=\"https:\/\/www.infirmier.sebastien-martens.fr\/wp-content\/uploads\/2023\/12\/000063777_624x337_c-edited.png\" alt=\"\" class=\"wp-image-67 size-full\" srcset=\"https:\/\/www.infirmier.sebastien-martens.fr\/wp-content\/uploads\/2023\/12\/000063777_624x337_c-edited.png 567w, https:\/\/www.infirmier.sebastien-martens.fr\/wp-content\/uploads\/2023\/12\/000063777_624x337_c-edited-300x162.png 300w\" sizes=\"auto, (max-width: 567px) 100vw, 567px\" \/><\/figure><div class=\"wp-block-media-text__content\">\n<div class=\"wp-block-group is-vertical is-content-justification-left is-layout-flex wp-container-core-group-is-layout-ad009506 wp-block-group-is-layout-flex\">\n<p class=\"has-text-align-left\">Les honoraires pratiqu\u00e9s sont conventionn\u00e9s par l&rsquo;Assurance Maladie.<\/p>\n\n\n\n<p class=\"has-text-align-left\">sur pr\u00e9sentation de votre carte vitale ou d&rsquo;une attestation de l&rsquo;assurance maladie, la prise en charge du tiers-payant sur la part des soins relevant de l\u2019assurance maladie obligatoire peut \u00eatre r\u00e9alis\u00e9e.<\/p>\n\n\n\n<p class=\"has-text-align-left\">le tiers payant mutuelle peut \u00e9galement \u00eatre pris en charge selon vos conditions de remboursement.<\/p>\n\n\n\n<p class=\"has-text-align-left\">Ainsi l&rsquo;avance des frais n&rsquo;est pas n\u00e9cessaire de votre part.<\/p>\n<\/div>\n<\/div><\/div>\n","protected":false},"excerpt":{"rendered":"","protected":false},"author":1,"featured_media":0,"parent":0,"menu_order":0,"comment_status":"closed","ping_status":"closed","template":"","meta":{"om_disable_all_campaigns":false,"_monsterinsights_skip_tracking":false,"_monsterinsights_sitenote_active":false,"_monsterinsights_sitenote_note":"","_monsterinsights_sitenote_category":0,"footnotes":""},"class_list":["post-215","page","type-page","status-publish","hentry"],"aioseo_notices":[],"_links":{"self":[{"href":"https:\/\/www.infirmier.sebastien-martens.fr\/index.php\/wp-json\/wp\/v2\/pages\/215","targetHints":{"allow":["GET"]}}],"collection":[{"href":"https:\/\/www.infirmier.sebastien-martens.fr\/index.php\/wp-json\/wp\/v2\/pages"}],"about":[{"href":"https:\/\/www.infirmier.sebastien-martens.fr\/index.php\/wp-json\/wp\/v2\/types\/page"}],"author":[{"embeddable":true,"href":"https:\/\/www.infirmier.sebastien-martens.fr\/index.php\/wp-json\/wp\/v2\/users\/1"}],"replies":[{"embeddable":true,"href":"https:\/\/www.infirmier.sebastien-martens.fr\/index.php\/wp-json\/wp\/v2\/comments?post=215"}],"version-history":[{"count":4,"href":"https:\/\/www.infirmier.sebastien-martens.fr\/index.php\/wp-json\/wp\/v2\/pages\/215\/revisions"}],"predecessor-version":[{"id":220,"href":"https:\/\/www.infirmier.sebastien-martens.fr\/index.php\/wp-json\/wp\/v2\/pages\/215\/revisions\/220"}],"wp:attachment":[{"href":"https:\/\/www.infirmier.sebastien-martens.fr\/index.php\/wp-json\/wp\/v2\/media?parent=215"}],"curies":[{"name":"wp","href":"https:\/\/api.w.org\/{rel}","templated":true}]}}